{"id":2293,"date":"2019-12-20T10:43:47","date_gmt":"2019-12-20T10:43:47","guid":{"rendered":"https:\/\/the7.io\/elementor-starter\/?page_id=2293"},"modified":"2019-12-20T10:43:47","modified_gmt":"2019-12-20T10:43:47","slug":"blog-masonry","status":"publish","type":"page","link":"https:\/\/serviciosyobrasecogal.com\/es_es\/blog-masonry\/","title":{"rendered":"Blog masonry"},"content":{"rendered":"\t\t<div data-elementor-type=\"wp-page\" data-elementor-id=\"2293\" class=\"elementor elementor-2293\">\n\t\t\t\t\t\t\t\t\t<section class=\"elementor-section elementor-top-section elementor-element elementor-element-d8a62c7 elementor-section-stretched elementor-section-boxed elementor-section-height-default elementor-section-height-default\" data-id=\"d8a62c7\" data-element_type=\"section\" data-settings=\"{&quot;stretch_section&quot;:&quot;section-stretched&quot;,&quot;background_background&quot;:&quot;classic&quot;}\">\n\t\t\t\t\t\t<div class=\"elementor-container elementor-column-gap-no\">\n\t\t\t\t\t<div class=\"elementor-column elementor-col-100 elementor-top-column elementor-element elementor-element-31ce526\" data-id=\"31ce526\" data-element_type=\"column\">\n\t\t\t<div class=\"elementor-widget-wrap elementor-element-populated\">\n\t\t\t\t\t\t\t\t<div class=\"elementor-element elementor-element-7331073 elementor-widget elementor-widget-the7_elements\" data-id=\"7331073\" data-element_type=\"widget\" data-widget_type=\"the7_elements.default\">\n\t\t\t\t<div class=\"elementor-widget-container\">\n\t\t\t<div class=\"portfolio-shortcode the7-elementor-widget the7_elements-7331073 mode-masonry classic-layout-list description-under-image content-bg-on resize-by-browser-width widget-with-filter loading-effect-none jquery-filter\" data-padding=\"60px\" data-mobile-columns-num=\"1\" data-tablet-columns-num=\"2\" data-desktop-columns-num=\"3\" data-wide-desktop-columns-num=\"4\" data-post-limit=\"10\" data-pagination-mode=\"load-more\" data-scroll-offset=\"\"><div class=\"iso-container dt-isotope custom-iso-columns\"><div class=\"visible wf-cell iso-item category-40\" data-post-id=\"3764\" data-date=\"2022-03-02T12:15:54+00:00\" data-name=\"Ecogal Energ\u00eda Solar apuesta por las \u00faltimas tecnolog\u00edas\"><article class=\"post visible no-img post-3764 type-post status-publish format-standard hentry category-sin-categoria category-40 description-off\" data-name=\"Ecogal Energ\u00eda Solar apuesta por las \u00faltimas tecnolog\u00edas\" data-date=\"2022-03-02T12:15:54+00:00\">\n\n<div class=\"post-entry-content\">\n\n\t<h3 class=\"ele-entry-title\"><a href=\"https:\/\/serviciosyobrasecogal.com\/es_es\/2022\/03\/solax-x1-ess-g4-sistema-de-almacenamiento-de-energia-todo-en-uno\/\" rel=\"bookmark\" title=\"Ecogal Energ\u00eda Solar apuesta por las \u00faltimas tecnolog\u00edas\">Ecogal Energ\u00eda Solar apuesta por las \u00faltimas tecnolog\u00edas<\/a><\/h3><div class=\"entry-meta\"><span class=\"meta-item category-link\"><span>Sin categor\u00eda<\/span><\/span><\/div>\n<\/div><\/article><\/div><div class=\"visible wf-cell iso-item category-40\" data-post-id=\"3722\" data-date=\"2021-12-23T16:11:49+00:00\" data-name=\"Las tejas solares, otra alternativa a los paneles fotovoltaicos\"><article class=\"post visible no-img post-3722 type-post status-publish format-standard hentry category-sin-categoria category-40 description-off\" data-name=\"Las tejas solares, otra alternativa a los paneles fotovoltaicos\" data-date=\"2021-12-23T16:11:49+00:00\">\n\n<div class=\"post-entry-content\">\n\n\t<h3 class=\"ele-entry-title\"><a href=\"https:\/\/serviciosyobrasecogal.com\/es_es\/2021\/12\/las-tejas-solares-otra-alternativa-a-los-paneles-fotovoltaicos\/\" rel=\"bookmark\" title=\"Las tejas solares, otra alternativa a los paneles fotovoltaicos\">Las tejas solares, otra alternativa a los paneles fotovoltaicos<\/a><\/h3><div class=\"entry-meta\"><span class=\"meta-item category-link\"><span>Sin categor\u00eda<\/span><\/span><\/div>\n<\/div><\/article><\/div><div class=\"visible wf-cell iso-item category-40\" data-post-id=\"3698\" data-date=\"2021-10-19T11:40:12+00:00\" data-name=\"Ecogal Energ\u00eda Solar te informa sobre las ayudas al autoconsumo fotovoltaico y otros.\"><article class=\"post visible no-img post-3698 type-post status-publish format-standard hentry category-sin-categoria category-40 description-off\" data-name=\"Ecogal Energ\u00eda Solar te informa sobre las ayudas al autoconsumo fotovoltaico y otros.\" data-date=\"2021-10-19T11:40:12+00:00\">\n\n<div class=\"post-entry-content\">\n\n\t<h3 class=\"ele-entry-title\"><a href=\"https:\/\/serviciosyobrasecogal.com\/es_es\/2021\/10\/ecogal-energia-solar-te-informa-sobre-las-ayudas-al-autoconsumo-fotovoltaico-y-otros\/\" rel=\"bookmark\" title=\"Ecogal Energ\u00eda Solar te informa sobre las ayudas al autoconsumo fotovoltaico y otros.\">Ecogal Energ\u00eda Solar te informa sobre las ayudas al autoconsumo fotovoltaico y otros.<\/a><\/h3><div class=\"entry-meta\"><span class=\"meta-item category-link\"><span>Sin categor\u00eda<\/span><\/span><\/div>\n<\/div><\/article><\/div><div class=\"visible wf-cell iso-item category-40\" data-post-id=\"3672\" data-date=\"2021-10-06T11:54:35+00:00\" data-name=\"Cuanto cuesta una instalaci\u00f3n fotovoltaica\"><article class=\"post visible no-img post-3672 type-post status-publish format-standard hentry category-sin-categoria category-40 description-off\" data-name=\"Cuanto cuesta una instalaci\u00f3n fotovoltaica\" data-date=\"2021-10-06T11:54:35+00:00\">\n\n<div class=\"post-entry-content\">\n\n\t<h3 class=\"ele-entry-title\"><a href=\"https:\/\/serviciosyobrasecogal.com\/es_es\/2021\/10\/cuanto-cuesta-una-instalacion-fotovoltaica\/\" rel=\"bookmark\" title=\"Cuanto cuesta una instalaci\u00f3n fotovoltaica\">Cuanto cuesta una instalaci\u00f3n fotovoltaica<\/a><\/h3><div class=\"entry-meta\"><span class=\"meta-item category-link\"><span>Sin categor\u00eda<\/span><\/span><\/div>\n<\/div><\/article><\/div><div class=\"visible wf-cell iso-item category-40\" data-post-id=\"3642\" data-date=\"2021-09-30T11:57:55+00:00\" data-name=\"Ventajas de las instalaciones fotovoltaicas\"><article class=\"post visible no-img post-3642 type-post status-publish format-standard hentry category-sin-categoria category-40 description-off\" data-name=\"Ventajas de las instalaciones fotovoltaicas\" data-date=\"2021-09-30T11:57:55+00:00\">\n\n<div class=\"post-entry-content\">\n\n\t<h3 class=\"ele-entry-title\"><a href=\"https:\/\/serviciosyobrasecogal.com\/es_es\/2021\/09\/ventajas-de-las-instalaciones-fotovoltaicas\/\" rel=\"bookmark\" title=\"Ventajas de las instalaciones fotovoltaicas\">Ventajas de las instalaciones fotovoltaicas<\/a><\/h3><div class=\"entry-meta\"><span class=\"meta-item category-link\"><span>Sin categor\u00eda<\/span><\/span><\/div>\n<\/div><\/article><\/div><div class=\"visible wf-cell iso-item category-40\" data-post-id=\"3626\" data-date=\"2021-09-16T11:50:06+00:00\" data-name=\"C\u00f3mo funciona una instalaci\u00f3n fotovoltaica\"><article class=\"post visible no-img post-3626 type-post status-publish format-standard hentry category-sin-categoria category-40 description-off\" data-name=\"C\u00f3mo funciona una instalaci\u00f3n fotovoltaica\" data-date=\"2021-09-16T11:50:06+00:00\">\n\n<div class=\"post-entry-content\">\n\n\t<h3 class=\"ele-entry-title\"><a href=\"https:\/\/serviciosyobrasecogal.com\/es_es\/2021\/09\/ejemplo-basico-de-como-funciona-el-autoconsumo-fotovoltaico\/\" rel=\"bookmark\" title=\"C\u00f3mo funciona una instalaci\u00f3n fotovoltaica\">C\u00f3mo funciona una instalaci\u00f3n fotovoltaica<\/a><\/h3><div class=\"entry-meta\"><span class=\"meta-item category-link\"><span>Sin categor\u00eda<\/span><\/span><\/div>\n<\/div><\/article><\/div><div class=\"visible wf-cell iso-item category-40\" data-post-id=\"3599\" data-date=\"2021-08-26T11:01:51+00:00\" data-name=\"Oficina de exposici\u00f3n y ventas en Boiro, A Coru\u00f1a\"><article class=\"post visible no-img post-3599 type-post status-publish format-standard hentry category-sin-categoria category-40 description-off\" data-name=\"Oficina de exposici\u00f3n y ventas en Boiro, A Coru\u00f1a\" data-date=\"2021-08-26T11:01:51+00:00\">\n\n<div class=\"post-entry-content\">\n\n\t<h3 class=\"ele-entry-title\"><a href=\"https:\/\/serviciosyobrasecogal.com\/es_es\/2021\/08\/oficina-de-ventas-y-exposicion-en-boiro-a-coruna\/\" rel=\"bookmark\" title=\"Oficina de exposici\u00f3n y ventas en Boiro, A Coru\u00f1a\">Oficina de exposici\u00f3n y ventas en Boiro, A Coru\u00f1a<\/a><\/h3><div class=\"entry-meta\"><span class=\"meta-item category-link\"><span>Sin categor\u00eda<\/span><\/span><\/div>\n<\/div><\/article><\/div><div class=\"visible wf-cell iso-item category-40\" data-post-id=\"3560\" data-date=\"2021-07-28T09:37:57+00:00\" data-name=\"Paneles solares en Galicia\"><article class=\"post visible post-3560 type-post status-publish format-standard has-post-thumbnail hentry category-sin-categoria category-40 description-off\" data-name=\"Paneles solares en Galicia\" data-date=\"2021-07-28T09:37:57+00:00\">\n\n\t<div class=\"post-thumbnail-wrap rollover-active\">\n\t\t<div class=\"post-thumbnail\">\n\n\t\t\t<a href=\"https:\/\/serviciosyobrasecogal.com\/es_es\/2021\/07\/paneles-solares-en-galicia\/\" class=\"post-thumbnail-rollover layzr-bg\" aria-label=\"Post image\"><img loading=\"lazy\" class=\"preload-me iso-lazy-load\" src=\"data:image\/svg+xml,%3Csvg%20xmlns%3D&#39;http%3A%2F%2Fwww.w3.org%2F2000%2Fsvg&#39;%20viewBox%3D&#39;0%200%20768%20576&#39;%2F%3E\" data-src=\"https:\/\/serviciosyobrasecogal.com\/wp-content\/uploads\/2020\/11\/WhatsApp-Image-2020-09-28-at-16.33.03-768x576.jpeg\" data-srcset=\"https:\/\/serviciosyobrasecogal.com\/wp-content\/uploads\/2020\/11\/WhatsApp-Image-2020-09-28-at-16.33.03-768x576.jpeg 768w, https:\/\/serviciosyobrasecogal.com\/wp-content\/uploads\/2020\/11\/WhatsApp-Image-2020-09-28-at-16.33.03-1152x864.jpeg 1152w\" alt=\"\" title=\"WhatsApp Image 2020-09-28 at 16.33.03\" width=\"768\" height=\"576\"  \/><\/a><div class=\"project-links-container\"><a href=\"https:\/\/serviciosyobrasecogal.com\/es_es\/2021\/07\/paneles-solares-en-galicia\/\" class=\"project-details\" aria-label=\"Details link\"><span aria-hidden=\"true\" class=\"feather feather-more-horizontal\"><\/span><\/a><\/div>\n\t\t<\/div>\n\t<\/div>\n\n\n<div class=\"post-entry-content\">\n\n\t<h3 class=\"ele-entry-title\"><a href=\"https:\/\/serviciosyobrasecogal.com\/es_es\/2021\/07\/paneles-solares-en-galicia\/\" rel=\"bookmark\" title=\"Paneles solares en Galicia\">Paneles solares en Galicia<\/a><\/h3><div class=\"entry-meta\"><span class=\"meta-item category-link\"><span>Sin categor\u00eda<\/span><\/span><\/div>\n<\/div><\/article><\/div><\/div><!-- iso-container|iso-grid --><div class=\"paginator filter-decorations paginator-more-button filter-pointer-framed\">\n\t\t\t\t<a class=\"button-load-more highlighted filter-item\" href=\"javascript:void(0);\" data-dt-page=\"1\" ><span class=\"button-caption\">Load more<\/span><i aria-hidden=\"true\" class=\"feather feather-more-horizontal\"><\/i><\/a>\n\t\t\t<\/div><\/div>\t\t<\/div>\n\t\t\t\t<\/div>\n\t\t\t\t\t<\/div>\n\t\t<\/div>\n\t\t\t\t\t\t\t<\/div>\n\t\t<\/section>\n\t\t\t\t\t\t\t<\/div>\n\t\t","protected":false},"excerpt":{"rendered":"<p>View allCompanyIndustryMedia Fusce aliquam &#8211; a dictum posuere nunc ac suscipit Industry Aliquam erat volutpat nec ullamcorper mattis pulvinar Industry Quisque semper malesuada ipsum Company Lorem ipsum turpis 2021: lorem ipsum dolor for nulla glavrida Industry Aliquam bibendum &#8211; augue a dictum posuere Company, Media Maecenas sit amet commodo tellus Media Nulla &#8211; sodales odio&hellip;<\/p>\n","protected":false},"author":1,"featured_media":0,"parent":0,"menu_order":27,"comment_status":"closed","ping_status":"closed","template":"","meta":[],"_links":{"self":[{"href":"https:\/\/serviciosyobrasecogal.com\/es_es\/wp-json\/wp\/v2\/pages\/2293"}],"collection":[{"href":"https:\/\/serviciosyobrasecogal.com\/es_es\/wp-json\/wp\/v2\/pages"}],"about":[{"href":"https:\/\/serviciosyobrasecogal.com\/es_es\/wp-json\/wp\/v2\/types\/page"}],"author":[{"embeddable":true,"href":"https:\/\/serviciosyobrasecogal.com\/es_es\/wp-json\/wp\/v2\/users\/1"}],"replies":[{"embeddable":true,"href":"https:\/\/serviciosyobrasecogal.com\/es_es\/wp-json\/wp\/v2\/comments?post=2293"}],"version-history":[{"count":0,"href":"https:\/\/serviciosyobrasecogal.com\/es_es\/wp-json\/wp\/v2\/pages\/2293\/revisions"}],"wp:attachment":[{"href":"https:\/\/serviciosyobrasecogal.com\/es_es\/wp-json\/wp\/v2\/media?parent=2293"}],"curies":[{"name":"wp","href":"https:\/\/api.w.org\/{rel}","templated":true}]}}