{"id":2303,"date":"2019-12-20T10:56:48","date_gmt":"2019-12-20T10:56:48","guid":{"rendered":"https:\/\/the7.io\/elementor-starter\/?page_id=2303"},"modified":"2019-12-20T10:56:48","modified_gmt":"2019-12-20T10:56:48","slug":"blog-grid","status":"publish","type":"page","link":"https:\/\/serviciosyobrasecogal.com\/es_es\/blog-grid\/","title":{"rendered":"Blog grid"},"content":{"rendered":"\t\t<div data-elementor-type=\"wp-page\" data-elementor-id=\"2303\" class=\"elementor elementor-2303\">\n\t\t\t\t\t\t\t\t\t<section class=\"elementor-section elementor-top-section elementor-element elementor-element-0638455 elementor-section-stretched elementor-section-boxed elementor-section-height-default elementor-section-height-default\" data-id=\"0638455\" data-element_type=\"section\" data-settings=\"{&quot;stretch_section&quot;:&quot;section-stretched&quot;,&quot;background_background&quot;:&quot;classic&quot;}\">\n\t\t\t\t\t\t<div class=\"elementor-container elementor-column-gap-no\">\n\t\t\t\t\t<div class=\"elementor-column elementor-col-100 elementor-top-column elementor-element elementor-element-ed3c02a\" data-id=\"ed3c02a\" data-element_type=\"column\">\n\t\t\t<div class=\"elementor-widget-wrap elementor-element-populated\">\n\t\t\t\t\t\t\t\t<div class=\"elementor-element elementor-element-765a4d3 elementor-widget elementor-widget-the7_elements\" data-id=\"765a4d3\" data-element_type=\"widget\" data-widget_type=\"the7_elements.default\">\n\t\t\t\t<div class=\"elementor-widget-container\">\n\t\t\t<div class=\"portfolio-shortcode the7-elementor-widget the7_elements-765a4d3 mode-grid dt-css-grid-wrap classic-layout-list description-under-image content-bg-on resize-by-browser-width widget-with-filter loading-effect-none enable-pagination-scroll jquery-filter\" data-padding=\"60px\" data-mobile-columns-num=\"1\" data-tablet-columns-num=\"2\" data-desktop-columns-num=\"3\" data-wide-desktop-columns-num=\"3\" data-post-limit=\"6\" data-pagination-mode=\"pages\" data-scroll-offset=\"-90\"><div class=\"dt-css-grid custom-pagination-handler\"><div class=\"visible wf-cell category-40\" data-post-id=\"3764\" data-date=\"2022-03-02T12:15:54+00:00\" data-name=\"Ecogal Energ\u00eda Solar apuesta por las \u00faltimas tecnolog\u00edas\"><article class=\"post visible no-img post-3764 type-post status-publish format-standard hentry category-sin-categoria category-40 description-off\" data-name=\"Ecogal Energ\u00eda Solar apuesta por las \u00faltimas tecnolog\u00edas\" data-date=\"2022-03-02T12:15:54+00:00\">\n\n<div class=\"post-entry-content\">\n\n\t<h3 class=\"ele-entry-title\"><a href=\"https:\/\/serviciosyobrasecogal.com\/es_es\/2022\/03\/solax-x1-ess-g4-sistema-de-almacenamiento-de-energia-todo-en-uno\/\" rel=\"bookmark\" title=\"Ecogal Energ\u00eda Solar apuesta por las \u00faltimas tecnolog\u00edas\">Ecogal Energ\u00eda Solar apuesta por las \u00faltimas tecnolog\u00edas<\/a><\/h3><div class=\"entry-meta\"><span class=\"meta-item category-link\"><span>Sin categor\u00eda<\/span><\/span><a href=\"https:\/\/serviciosyobrasecogal.com\/es_es\/2022\/03\/02\/\" title=\"12:15 pm\" class=\"meta-item data-link\" rel=\"bookmark\"><time class=\"entry-date updated\" datetime=\"2022-03-02T12:15:54+00:00\">marzo 2, 2022<\/time><\/a><\/div><div class=\"entry-excerpt\"><p>En Ecogal Energ\u00eda Solar apostamos por las \u00faltimas tecnolog\u00edas y en este caso os presentamos uno de los equipos que&hellip;<\/p>\n<\/div><a href=\"https:\/\/serviciosyobrasecogal.com\/es_es\/2022\/03\/solax-x1-ess-g4-sistema-de-almacenamiento-de-energia-todo-en-uno\/\" target=\"\" aria-label=\"Read more about Ecogal Energ\u00eda Solar apuesta por las \u00faltimas tecnolog\u00edas\" class=\"box-button elementor-button elementor-size-sm\">Read article<\/a>\n<\/div><\/article><\/div><div class=\"visible wf-cell category-40\" data-post-id=\"3722\" data-date=\"2021-12-23T16:11:49+00:00\" data-name=\"Las tejas solares, otra alternativa a los paneles fotovoltaicos\"><article class=\"post visible no-img post-3722 type-post status-publish format-standard hentry category-sin-categoria category-40 description-off\" data-name=\"Las tejas solares, otra alternativa a los paneles fotovoltaicos\" data-date=\"2021-12-23T16:11:49+00:00\">\n\n<div class=\"post-entry-content\">\n\n\t<h3 class=\"ele-entry-title\"><a href=\"https:\/\/serviciosyobrasecogal.com\/es_es\/2021\/12\/las-tejas-solares-otra-alternativa-a-los-paneles-fotovoltaicos\/\" rel=\"bookmark\" title=\"Las tejas solares, otra alternativa a los paneles fotovoltaicos\">Las tejas solares, otra alternativa a los paneles fotovoltaicos<\/a><\/h3><div class=\"entry-meta\"><span class=\"meta-item category-link\"><span>Sin categor\u00eda<\/span><\/span><a href=\"https:\/\/serviciosyobrasecogal.com\/es_es\/2021\/12\/23\/\" title=\"4:11 pm\" class=\"meta-item data-link\" rel=\"bookmark\"><time class=\"entry-date updated\" datetime=\"2021-12-23T16:11:49+00:00\">diciembre 23, 2021<\/time><\/a><\/div><div class=\"entry-excerpt\"><p>Las tejas solares, otra alternativa a los paneles fotovoltaicos En vista del aumento de los precios de la electricidad, cada&hellip;<\/p>\n<\/div><a href=\"https:\/\/serviciosyobrasecogal.com\/es_es\/2021\/12\/las-tejas-solares-otra-alternativa-a-los-paneles-fotovoltaicos\/\" target=\"\" aria-label=\"Read more about Las tejas solares, otra alternativa a los paneles fotovoltaicos\" class=\"box-button elementor-button elementor-size-sm\">Read article<\/a>\n<\/div><\/article><\/div><div class=\"visible wf-cell category-40\" data-post-id=\"3698\" data-date=\"2021-10-19T11:40:12+00:00\" data-name=\"Ecogal Energ\u00eda Solar te informa sobre las ayudas al autoconsumo fotovoltaico y otros.\"><article class=\"post visible no-img post-3698 type-post status-publish format-standard hentry category-sin-categoria category-40 description-off\" data-name=\"Ecogal Energ\u00eda Solar te informa sobre las ayudas al autoconsumo fotovoltaico y otros.\" data-date=\"2021-10-19T11:40:12+00:00\">\n\n<div class=\"post-entry-content\">\n\n\t<h3 class=\"ele-entry-title\"><a href=\"https:\/\/serviciosyobrasecogal.com\/es_es\/2021\/10\/ecogal-energia-solar-te-informa-sobre-las-ayudas-al-autoconsumo-fotovoltaico-y-otros\/\" rel=\"bookmark\" title=\"Ecogal Energ\u00eda Solar te informa sobre las ayudas al autoconsumo fotovoltaico y otros.\">Ecogal Energ\u00eda Solar te informa sobre las ayudas al autoconsumo fotovoltaico y otros.<\/a><\/h3><div class=\"entry-meta\"><span class=\"meta-item category-link\"><span>Sin categor\u00eda<\/span><\/span><a href=\"https:\/\/serviciosyobrasecogal.com\/es_es\/2021\/10\/19\/\" title=\"11:40 am\" class=\"meta-item data-link\" rel=\"bookmark\"><time class=\"entry-date updated\" datetime=\"2021-10-19T11:40:12+00:00\">octubre 19, 2021<\/time><\/a><\/div><div class=\"entry-excerpt\"><p>Ayudas para la ejecuci\u00f3n de diversos programas de incentivos ligados al autoconsumo RD 477\/2021. Programas de incentivos para la ejecuci\u00f3n&hellip;<\/p>\n<\/div><a href=\"https:\/\/serviciosyobrasecogal.com\/es_es\/2021\/10\/ecogal-energia-solar-te-informa-sobre-las-ayudas-al-autoconsumo-fotovoltaico-y-otros\/\" target=\"\" aria-label=\"Read more about Ecogal Energ\u00eda Solar te informa sobre las ayudas al autoconsumo fotovoltaico y otros.\" class=\"box-button elementor-button elementor-size-sm\">Read article<\/a>\n<\/div><\/article><\/div><div class=\"visible wf-cell category-40\" data-post-id=\"3672\" data-date=\"2021-10-06T11:54:35+00:00\" data-name=\"Cuanto cuesta una instalaci\u00f3n fotovoltaica\"><article class=\"post visible no-img post-3672 type-post status-publish format-standard hentry category-sin-categoria category-40 description-off\" data-name=\"Cuanto cuesta una instalaci\u00f3n fotovoltaica\" data-date=\"2021-10-06T11:54:35+00:00\">\n\n<div class=\"post-entry-content\">\n\n\t<h3 class=\"ele-entry-title\"><a href=\"https:\/\/serviciosyobrasecogal.com\/es_es\/2021\/10\/cuanto-cuesta-una-instalacion-fotovoltaica\/\" rel=\"bookmark\" title=\"Cuanto cuesta una instalaci\u00f3n fotovoltaica\">Cuanto cuesta una instalaci\u00f3n fotovoltaica<\/a><\/h3><div class=\"entry-meta\"><span class=\"meta-item category-link\"><span>Sin categor\u00eda<\/span><\/span><a href=\"https:\/\/serviciosyobrasecogal.com\/es_es\/2021\/10\/06\/\" title=\"11:54 am\" class=\"meta-item data-link\" rel=\"bookmark\"><time class=\"entry-date updated\" datetime=\"2021-10-06T11:54:35+00:00\">octubre 6, 2021<\/time><\/a><\/div><div class=\"entry-excerpt\"><p>Aqu\u00ed os mostramos un presupuesto de una instalaci\u00f3n de conexi\u00f3n a red de 4.200w con sus componentes. Este Kit Solar&hellip;<\/p>\n<\/div><a href=\"https:\/\/serviciosyobrasecogal.com\/es_es\/2021\/10\/cuanto-cuesta-una-instalacion-fotovoltaica\/\" target=\"\" aria-label=\"Read more about Cuanto cuesta una instalaci\u00f3n fotovoltaica\" class=\"box-button elementor-button elementor-size-sm\">Read article<\/a>\n<\/div><\/article><\/div><div class=\"visible wf-cell category-40\" data-post-id=\"3642\" data-date=\"2021-09-30T11:57:55+00:00\" data-name=\"Ventajas de las instalaciones fotovoltaicas\"><article class=\"post visible no-img post-3642 type-post status-publish format-standard hentry category-sin-categoria category-40 description-off\" data-name=\"Ventajas de las instalaciones fotovoltaicas\" data-date=\"2021-09-30T11:57:55+00:00\">\n\n<div class=\"post-entry-content\">\n\n\t<h3 class=\"ele-entry-title\"><a href=\"https:\/\/serviciosyobrasecogal.com\/es_es\/2021\/09\/ventajas-de-las-instalaciones-fotovoltaicas\/\" rel=\"bookmark\" title=\"Ventajas de las instalaciones fotovoltaicas\">Ventajas de las instalaciones fotovoltaicas<\/a><\/h3><div class=\"entry-meta\"><span class=\"meta-item category-link\"><span>Sin categor\u00eda<\/span><\/span><a href=\"https:\/\/serviciosyobrasecogal.com\/es_es\/2021\/09\/30\/\" title=\"11:57 am\" class=\"meta-item data-link\" rel=\"bookmark\"><time class=\"entry-date updated\" datetime=\"2021-09-30T11:57:55+00:00\">septiembre 30, 2021<\/time><\/a><\/div><div class=\"entry-excerpt\"><p>Ventajas de las instalaciones fotovoltaicas Energ\u00eda limpia:\u00a0las placas solares fotovoltaicas producen una energ\u00eda sin ning\u00fan residuo. Fuente de energ\u00eda inagotable:\u00a0&hellip;<\/p>\n<\/div><a href=\"https:\/\/serviciosyobrasecogal.com\/es_es\/2021\/09\/ventajas-de-las-instalaciones-fotovoltaicas\/\" target=\"\" aria-label=\"Read more about Ventajas de las instalaciones fotovoltaicas\" class=\"box-button elementor-button elementor-size-sm\">Read article<\/a>\n<\/div><\/article><\/div><div class=\"visible wf-cell category-40\" data-post-id=\"3626\" data-date=\"2021-09-16T11:50:06+00:00\" data-name=\"C\u00f3mo funciona una instalaci\u00f3n fotovoltaica\"><article class=\"post visible no-img post-3626 type-post status-publish format-standard hentry category-sin-categoria category-40 description-off\" data-name=\"C\u00f3mo funciona una instalaci\u00f3n fotovoltaica\" data-date=\"2021-09-16T11:50:06+00:00\">\n\n<div class=\"post-entry-content\">\n\n\t<h3 class=\"ele-entry-title\"><a href=\"https:\/\/serviciosyobrasecogal.com\/es_es\/2021\/09\/ejemplo-basico-de-como-funciona-el-autoconsumo-fotovoltaico\/\" rel=\"bookmark\" title=\"C\u00f3mo funciona una instalaci\u00f3n fotovoltaica\">C\u00f3mo funciona una instalaci\u00f3n fotovoltaica<\/a><\/h3><div class=\"entry-meta\"><span class=\"meta-item category-link\"><span>Sin categor\u00eda<\/span><\/span><a href=\"https:\/\/serviciosyobrasecogal.com\/es_es\/2021\/09\/16\/\" title=\"11:50 am\" class=\"meta-item data-link\" rel=\"bookmark\"><time class=\"entry-date updated\" datetime=\"2021-09-16T11:50:06+00:00\">septiembre 16, 2021<\/time><\/a><\/div><div class=\"entry-excerpt\"><p>Autoconsumo directo La luz solar es absorbida por los m\u00f3dulos fotovoltaicos, (paneles solares) de aqu\u00ed pasar\u00e1 al inversor. Esta energ\u00eda&hellip;<\/p>\n<\/div><a href=\"https:\/\/serviciosyobrasecogal.com\/es_es\/2021\/09\/ejemplo-basico-de-como-funciona-el-autoconsumo-fotovoltaico\/\" target=\"\" aria-label=\"Read more about C\u00f3mo funciona una instalaci\u00f3n fotovoltaica\" class=\"box-button elementor-button elementor-size-sm\">Read article<\/a>\n<\/div><\/article><\/div><div class=\"hidden wf-cell category-40\" data-post-id=\"3599\" data-date=\"2021-08-26T11:01:51+00:00\" data-name=\"Oficina de exposici\u00f3n y ventas en Boiro, A Coru\u00f1a\"><article class=\"post visible no-img post-3599 type-post status-publish format-standard hentry category-sin-categoria category-40 description-off\" data-name=\"Oficina de exposici\u00f3n y ventas en Boiro, A Coru\u00f1a\" data-date=\"2021-08-26T11:01:51+00:00\">\n\n<div class=\"post-entry-content\">\n\n\t<h3 class=\"ele-entry-title\"><a href=\"https:\/\/serviciosyobrasecogal.com\/es_es\/2021\/08\/oficina-de-ventas-y-exposicion-en-boiro-a-coruna\/\" rel=\"bookmark\" title=\"Oficina de exposici\u00f3n y ventas en Boiro, A Coru\u00f1a\">Oficina de exposici\u00f3n y ventas en Boiro, A Coru\u00f1a<\/a><\/h3><div class=\"entry-meta\"><span class=\"meta-item category-link\"><span>Sin categor\u00eda<\/span><\/span><a href=\"https:\/\/serviciosyobrasecogal.com\/es_es\/2021\/08\/26\/\" title=\"11:01 am\" class=\"meta-item data-link\" rel=\"bookmark\"><time class=\"entry-date updated\" datetime=\"2021-08-26T11:01:51+00:00\">agosto 26, 2021<\/time><\/a><\/div><div class=\"entry-excerpt\"><p>En nuestras oficinas de Ecogal Energ\u00eda Solar, podemos explicarte con sumo detalle, como funciona una instalaci\u00f3n fotovoltaica, ya que tenemos&hellip;<\/p>\n<\/div><a href=\"https:\/\/serviciosyobrasecogal.com\/es_es\/2021\/08\/oficina-de-ventas-y-exposicion-en-boiro-a-coruna\/\" target=\"\" aria-label=\"Read more about Oficina de exposici\u00f3n y ventas en Boiro, A Coru\u00f1a\" class=\"box-button elementor-button elementor-size-sm\">Read article<\/a>\n<\/div><\/article><\/div><div class=\"hidden wf-cell category-40\" data-post-id=\"3560\" data-date=\"2021-07-28T09:37:57+00:00\" data-name=\"Paneles solares en Galicia\"><article class=\"post visible post-3560 type-post status-publish format-standard has-post-thumbnail hentry category-sin-categoria category-40 description-off\" data-name=\"Paneles solares en Galicia\" data-date=\"2021-07-28T09:37:57+00:00\">\n\n\t<div class=\"post-thumbnail-wrap rollover-active\">\n\t\t<div class=\"post-thumbnail\">\n\n\t\t\t<a href=\"https:\/\/serviciosyobrasecogal.com\/es_es\/2021\/07\/paneles-solares-en-galicia\/\" class=\"post-thumbnail-rollover layzr-bg\" aria-label=\"Post image\"><img loading=\"lazy\" class=\"preload-me lazy-load\" src=\"data:image\/svg+xml,%3Csvg%20xmlns%3D&#39;http%3A%2F%2Fwww.w3.org%2F2000%2Fsvg&#39;%20viewBox%3D&#39;0%200%20768%20533&#39;%2F%3E\" data-src=\"https:\/\/serviciosyobrasecogal.com\/wp-content\/uploads\/2020\/11\/WhatsApp-Image-2020-09-28-at-16.33.03-768x533.jpeg\" data-srcset=\"https:\/\/serviciosyobrasecogal.com\/wp-content\/uploads\/2020\/11\/WhatsApp-Image-2020-09-28-at-16.33.03-768x533.jpeg 768w, https:\/\/serviciosyobrasecogal.com\/wp-content\/uploads\/2020\/11\/WhatsApp-Image-2020-09-28-at-16.33.03-1152x800.jpeg 1152w\" alt=\"\" title=\"WhatsApp Image 2020-09-28 at 16.33.03\" width=\"768\" height=\"533\"  \/><\/a><div class=\"project-links-container\"><a href=\"https:\/\/serviciosyobrasecogal.com\/es_es\/2021\/07\/paneles-solares-en-galicia\/\" class=\"project-details\" aria-label=\"Details link\"><span aria-hidden=\"true\" class=\"feather feather-more-horizontal\"><\/span><\/a><\/div>\n\t\t<\/div>\n\t<\/div>\n\n\n<div class=\"post-entry-content\">\n\n\t<h3 class=\"ele-entry-title\"><a href=\"https:\/\/serviciosyobrasecogal.com\/es_es\/2021\/07\/paneles-solares-en-galicia\/\" rel=\"bookmark\" title=\"Paneles solares en Galicia\">Paneles solares en Galicia<\/a><\/h3><div class=\"entry-meta\"><span class=\"meta-item category-link\"><span>Sin categor\u00eda<\/span><\/span><a href=\"https:\/\/serviciosyobrasecogal.com\/es_es\/2021\/07\/28\/\" title=\"9:37 am\" class=\"meta-item data-link\" rel=\"bookmark\"><time class=\"entry-date updated\" datetime=\"2021-07-28T09:37:57+00:00\">julio 28, 2021<\/time><\/a><\/div><div class=\"entry-excerpt\"><p>\u00bfPaneles solares en Galicia?, \u00bfson rentables teniendo en cuenta las particulares caracter\u00edsticas que se suelen dar en el clima gallego?&hellip;<\/p>\n<\/div><a href=\"https:\/\/serviciosyobrasecogal.com\/es_es\/2021\/07\/paneles-solares-en-galicia\/\" target=\"\" aria-label=\"Read more about Paneles solares en Galicia\" class=\"box-button elementor-button elementor-size-sm\">Read article<\/a>\n<\/div><\/article><\/div><\/div><!-- iso-container|iso-grid --><div class=\"paginator filter-decorations filter-pointer-underline filter-animation-fade\" role=\"navigation\"><\/div><\/div>\t\t<\/div>\n\t\t\t\t<\/div>\n\t\t\t\t\t<\/div>\n\t\t<\/div>\n\t\t\t\t\t\t\t<\/div>\n\t\t<\/section>\n\t\t\t\t\t\t\t<\/div>\n\t\t","protected":false},"excerpt":{"rendered":"<p>View allCompanyIndustryMedia Fusce aliquam &#8211; a dictum posuere nunc ac suscipit IndustryNovember 13, 2019 Morbi ut mi metus. Mauris at orci urna. Nulla sodales odio nulla, vitae dignissim arcu malesuada vel. Vestibulum at tincidunt&hellip; Read article Aliquam erat volutpat nec ullamcorper mattis pulvinar IndustryNovember 13, 2019 Suspendisse pulvinar nulla et lacus fringilla semper. Nam volutpat&hellip;<\/p>\n","protected":false},"author":1,"featured_media":0,"parent":0,"menu_order":26,"comment_status":"closed","ping_status":"closed","template":"","meta":[],"_links":{"self":[{"href":"https:\/\/serviciosyobrasecogal.com\/es_es\/wp-json\/wp\/v2\/pages\/2303"}],"collection":[{"href":"https:\/\/serviciosyobrasecogal.com\/es_es\/wp-json\/wp\/v2\/pages"}],"about":[{"href":"https:\/\/serviciosyobrasecogal.com\/es_es\/wp-json\/wp\/v2\/types\/page"}],"author":[{"embeddable":true,"href":"https:\/\/serviciosyobrasecogal.com\/es_es\/wp-json\/wp\/v2\/users\/1"}],"replies":[{"embeddable":true,"href":"https:\/\/serviciosyobrasecogal.com\/es_es\/wp-json\/wp\/v2\/comments?post=2303"}],"version-history":[{"count":0,"href":"https:\/\/serviciosyobrasecogal.com\/es_es\/wp-json\/wp\/v2\/pages\/2303\/revisions"}],"wp:attachment":[{"href":"https:\/\/serviciosyobrasecogal.com\/es_es\/wp-json\/wp\/v2\/media?parent=2303"}],"curies":[{"name":"wp","href":"https:\/\/api.w.org\/{rel}","templated":true}]}}